{"id":948,"date":"2021-08-22T19:34:17","date_gmt":"2021-08-22T17:34:17","guid":{"rendered":"http:\/\/alenagalikmakeup.eu\/?page_id=948"},"modified":"2026-01-05T17:42:53","modified_gmt":"2026-01-05T16:42:53","slug":"kontakt","status":"publish","type":"page","link":"https:\/\/alenagalikmakeup.eu\/?page_id=948","title":{"rendered":"Kontakt"},"content":{"rendered":"\n<div class=\"wp-block-columns is-layout-flex wp-container-core-columns-is-layout-9d6595d7 wp-block-columns-is-layout-flex\">\n<div class=\"wp-block-column has-background is-layout-flow wp-block-column-is-layout-flow\" style=\"background:linear-gradient(179deg,rgba(194,194,194,0.5) 0%,rgba(168,183,194,0) 100%)\">\n<div class=\"wp-block-group\"><div class=\"wp-block-group__inner-container is-layout-constrained wp-block-group-is-layout-constrained\">\n<figure class=\"wp-block-image size-thumbnail is-style-rounded\"><img decoding=\"async\" width=\"150\" height=\"150\" src=\"https:\/\/alenagalikmakeup.eu\/wp-content\/uploads\/2021\/08\/icon-contact-us-17.jpg-150x150.png\" alt=\"\" class=\"wp-image-950\" srcset=\"https:\/\/alenagalikmakeup.eu\/wp-content\/uploads\/2021\/08\/icon-contact-us-17.jpg-150x150.png 150w, https:\/\/alenagalikmakeup.eu\/wp-content\/uploads\/2021\/08\/icon-contact-us-17.jpg-300x300.png 300w, https:\/\/alenagalikmakeup.eu\/wp-content\/uploads\/2021\/08\/icon-contact-us-17.jpg-435x435.png 435w, https:\/\/alenagalikmakeup.eu\/wp-content\/uploads\/2021\/08\/icon-contact-us-17.jpg-60x60.png 60w, https:\/\/alenagalikmakeup.eu\/wp-content\/uploads\/2021\/08\/icon-contact-us-17.jpg.png 512w\" sizes=\"(max-width: 150px) 100vw, 150px\" \/><\/figure>\n<\/div><\/div>\n\n\n\n<h5 class=\"wp-block-heading has-medium-font-size\">Kontakt<\/h5>\n\n\n\n<p class=\"has-medium-font-size\"><strong>Mgr. Alena G\u00e1likov\u00e1<\/strong><\/p>\n\n\n\n<p class=\"has-medium-font-size\"><strong>Mobil: <\/strong>+421 907 702 138<\/p>\n\n\n\n<p class=\"has-medium-font-size\"><strong>E-mail:<\/strong> <a href=\"mailto:alenagalik_makeup@icloud.com\">alenagalik_makeup@icloud.com<\/a><\/p>\n\n\n\n<p class=\"has-medium-font-size\"><strong>Instagram: <\/strong><a href=\"https:\/\/www.instagram.com\/alenagalik_makeup\/\">alenagalik_makeup<\/a><\/p>\n\n\n\n<p class=\"has-medium-font-size\"><strong>Facebook:<\/strong> <a href=\"https:\/\/www.facebook.com\/alenagalikmakeup\/\">alenagalik_makeup<\/a><\/p>\n<\/div>\n\n\n\n<div class=\"wp-block-column has-background is-layout-flow wp-block-column-is-layout-flow\" style=\"background:linear-gradient(179deg,rgba(194,194,194,0.5) 0%,rgba(168,183,194,0) 100%)\">\n<figure class=\"wp-block-image size-thumbnail\"><img decoding=\"async\" width=\"150\" height=\"150\" src=\"https:\/\/alenagalikmakeup.eu\/wp-content\/uploads\/2021\/08\/map-8-150x150.png\" alt=\"\" class=\"wp-image-949\" srcset=\"https:\/\/alenagalikmakeup.eu\/wp-content\/uploads\/2021\/08\/map-8-150x150.png 150w, https:\/\/alenagalikmakeup.eu\/wp-content\/uploads\/2021\/08\/map-8-300x300.png 300w, https:\/\/alenagalikmakeup.eu\/wp-content\/uploads\/2021\/08\/map-8-435x435.png 435w, https:\/\/alenagalikmakeup.eu\/wp-content\/uploads\/2021\/08\/map-8-60x60.png 60w, https:\/\/alenagalikmakeup.eu\/wp-content\/uploads\/2021\/08\/map-8.png 512w\" sizes=\"(max-width: 150px) 100vw, 150px\" \/><\/figure>\n\n\n\n<h5 class=\"wp-block-heading has-medium-font-size\">Kde p\u00f4sob\u00edm<\/h5>\n\n\n\n<p class=\"has-medium-font-size\"><strong>Bratislava<\/strong> a okolie<\/p>\n\n\n\n<iframe src=\"https:\/\/www.google.com\/maps\/embed?pb=!1m18!1m12!1m3!1d339529.9448131382!2d16.897465031908844!3d48.33020039099831!2m3!1f0!2f0!3f0!3m2!1i1024!2i768!4f13.1!3m3!1m2!1s0x476c946b60c22d9b%3A0x100f7d1c6978c00!2sBratislavsk%C3%BD%20kraj!5e0!3m2!1ssk!2ssk!4v1634750290735!5m2!1ssk!2ssk\" width=\"600\" height=\"450\" style=\"border:0;\" allowfullscreen=\"\" loading=\"lazy\"><\/iframe>\n<\/div>\n<\/div>\n","protected":false},"excerpt":{"rendered":"<p>Kontakt Mgr. Alena G\u00e1likov\u00e1 Mobil: +421 907 702 138 E-mail: alenagalik_makeup@icloud.com Instagram: alenagalik_makeup Facebook: alenagalik_makeup Kde p\u00f4sob\u00edm Bratislava a okolie<\/p>\n","protected":false},"author":1,"featured_media":0,"parent":0,"menu_order":0,"comment_status":"closed","ping_status":"closed","template":"","meta":{"_monsterinsights_skip_tracking":false,"_monsterinsights_sitenote_active":false,"_monsterinsights_sitenote_note":"","_monsterinsights_sitenote_category":0,"footnotes":""},"class_list":["post-948","page","type-page","status-publish","hentry"],"yoast_head":"<!-- This site is optimized with the Yoast SEO plugin v26.6 - https:\/\/yoast.com\/wordpress\/plugins\/seo\/ -->\n<title>Kontakt -<\/title>\n<meta name=\"robots\" content=\"index, follow, max-snippet:-1, max-image-preview:large, max-video-preview:-1\" \/>\n<link rel=\"canonical\" href=\"https:\/\/alenagalikmakeup.eu\/?page_id=948\" \/>\n<meta property=\"og:locale\" content=\"sk_SK\" \/>\n<meta property=\"og:type\" content=\"article\" \/>\n<meta property=\"og:title\" content=\"Kontakt -\" \/>\n<meta property=\"og:description\" content=\"Kontakt Mgr. Alena G\u00e1likov\u00e1 Mobil: +421 907 702 138 E-mail: alenagalik_makeup@icloud.com Instagram: alenagalik_makeup Facebook: alenagalik_makeup Kde p\u00f4sob\u00edm Bratislava a okolie\" \/>\n<meta property=\"og:url\" content=\"https:\/\/alenagalikmakeup.eu\/?page_id=948\" \/>\n<meta property=\"article:modified_time\" content=\"2026-01-05T16:42:53+00:00\" \/>\n<meta property=\"og:image\" content=\"https:\/\/alenagalikmakeup.eu\/wp-content\/uploads\/2021\/08\/icon-contact-us-17.jpg.png\" \/>\n\t<meta property=\"og:image:width\" content=\"512\" \/>\n\t<meta property=\"og:image:height\" content=\"512\" \/>\n\t<meta property=\"og:image:type\" content=\"image\/png\" \/>\n<meta name=\"twitter:card\" content=\"summary_large_image\" \/>\n<meta name=\"twitter:label1\" content=\"Predpokladan\u00fd \u010das \u010d\u00edtania\" \/>\n\t<meta name=\"twitter:data1\" content=\"1 min\u00fata\" \/>\n<script type=\"application\/ld+json\" class=\"yoast-schema-graph\">{\"@context\":\"https:\/\/schema.org\",\"@graph\":[{\"@type\":\"WebPage\",\"@id\":\"https:\/\/alenagalikmakeup.eu\/?page_id=948\",\"url\":\"https:\/\/alenagalikmakeup.eu\/?page_id=948\",\"name\":\"Kontakt -\",\"isPartOf\":{\"@id\":\"https:\/\/alenagalikmakeup.eu\/#website\"},\"primaryImageOfPage\":{\"@id\":\"https:\/\/alenagalikmakeup.eu\/?page_id=948#primaryimage\"},\"image\":{\"@id\":\"https:\/\/alenagalikmakeup.eu\/?page_id=948#primaryimage\"},\"thumbnailUrl\":\"https:\/\/alenagalikmakeup.eu\/wp-content\/uploads\/2021\/08\/icon-contact-us-17.jpg-150x150.png\",\"datePublished\":\"2021-08-22T17:34:17+00:00\",\"dateModified\":\"2026-01-05T16:42:53+00:00\",\"breadcrumb\":{\"@id\":\"https:\/\/alenagalikmakeup.eu\/?page_id=948#breadcrumb\"},\"inLanguage\":\"sk-SK\",\"potentialAction\":[{\"@type\":\"ReadAction\",\"target\":[\"https:\/\/alenagalikmakeup.eu\/?page_id=948\"]}]},{\"@type\":\"ImageObject\",\"inLanguage\":\"sk-SK\",\"@id\":\"https:\/\/alenagalikmakeup.eu\/?page_id=948#primaryimage\",\"url\":\"https:\/\/alenagalikmakeup.eu\/wp-content\/uploads\/2021\/08\/icon-contact-us-17.jpg.png\",\"contentUrl\":\"https:\/\/alenagalikmakeup.eu\/wp-content\/uploads\/2021\/08\/icon-contact-us-17.jpg.png\",\"width\":512,\"height\":512},{\"@type\":\"BreadcrumbList\",\"@id\":\"https:\/\/alenagalikmakeup.eu\/?page_id=948#breadcrumb\",\"itemListElement\":[{\"@type\":\"ListItem\",\"position\":1,\"name\":\"Home\",\"item\":\"https:\/\/alenagalikmakeup.eu\/\"},{\"@type\":\"ListItem\",\"position\":2,\"name\":\"Kontakt\"}]},{\"@type\":\"WebSite\",\"@id\":\"https:\/\/alenagalikmakeup.eu\/#website\",\"url\":\"https:\/\/alenagalikmakeup.eu\/\",\"name\":\"\",\"description\":\"\",\"potentialAction\":[{\"@type\":\"SearchAction\",\"target\":{\"@type\":\"EntryPoint\",\"urlTemplate\":\"https:\/\/alenagalikmakeup.eu\/?s={search_term_string}\"},\"query-input\":{\"@type\":\"PropertyValueSpecification\",\"valueRequired\":true,\"valueName\":\"search_term_string\"}}],\"inLanguage\":\"sk-SK\"}]}<\/script>\n<!-- \/ Yoast SEO plugin. -->","yoast_head_json":{"title":"Kontakt -","robots":{"index":"index","follow":"follow","max-snippet":"max-snippet:-1","max-image-preview":"max-image-preview:large","max-video-preview":"max-video-preview:-1"},"canonical":"https:\/\/alenagalikmakeup.eu\/?page_id=948","og_locale":"sk_SK","og_type":"article","og_title":"Kontakt -","og_description":"Kontakt Mgr. Alena G\u00e1likov\u00e1 Mobil: +421 907 702 138 E-mail: alenagalik_makeup@icloud.com Instagram: alenagalik_makeup Facebook: alenagalik_makeup Kde p\u00f4sob\u00edm Bratislava a okolie","og_url":"https:\/\/alenagalikmakeup.eu\/?page_id=948","article_modified_time":"2026-01-05T16:42:53+00:00","og_image":[{"width":512,"height":512,"url":"https:\/\/alenagalikmakeup.eu\/wp-content\/uploads\/2021\/08\/icon-contact-us-17.jpg.png","type":"image\/png"}],"twitter_card":"summary_large_image","twitter_misc":{"Predpokladan\u00fd \u010das \u010d\u00edtania":"1 min\u00fata"},"schema":{"@context":"https:\/\/schema.org","@graph":[{"@type":"WebPage","@id":"https:\/\/alenagalikmakeup.eu\/?page_id=948","url":"https:\/\/alenagalikmakeup.eu\/?page_id=948","name":"Kontakt -","isPartOf":{"@id":"https:\/\/alenagalikmakeup.eu\/#website"},"primaryImageOfPage":{"@id":"https:\/\/alenagalikmakeup.eu\/?page_id=948#primaryimage"},"image":{"@id":"https:\/\/alenagalikmakeup.eu\/?page_id=948#primaryimage"},"thumbnailUrl":"https:\/\/alenagalikmakeup.eu\/wp-content\/uploads\/2021\/08\/icon-contact-us-17.jpg-150x150.png","datePublished":"2021-08-22T17:34:17+00:00","dateModified":"2026-01-05T16:42:53+00:00","breadcrumb":{"@id":"https:\/\/alenagalikmakeup.eu\/?page_id=948#breadcrumb"},"inLanguage":"sk-SK","potentialAction":[{"@type":"ReadAction","target":["https:\/\/alenagalikmakeup.eu\/?page_id=948"]}]},{"@type":"ImageObject","inLanguage":"sk-SK","@id":"https:\/\/alenagalikmakeup.eu\/?page_id=948#primaryimage","url":"https:\/\/alenagalikmakeup.eu\/wp-content\/uploads\/2021\/08\/icon-contact-us-17.jpg.png","contentUrl":"https:\/\/alenagalikmakeup.eu\/wp-content\/uploads\/2021\/08\/icon-contact-us-17.jpg.png","width":512,"height":512},{"@type":"BreadcrumbList","@id":"https:\/\/alenagalikmakeup.eu\/?page_id=948#breadcrumb","itemListElement":[{"@type":"ListItem","position":1,"name":"Home","item":"https:\/\/alenagalikmakeup.eu\/"},{"@type":"ListItem","position":2,"name":"Kontakt"}]},{"@type":"WebSite","@id":"https:\/\/alenagalikmakeup.eu\/#website","url":"https:\/\/alenagalikmakeup.eu\/","name":"","description":"","potentialAction":[{"@type":"SearchAction","target":{"@type":"EntryPoint","urlTemplate":"https:\/\/alenagalikmakeup.eu\/?s={search_term_string}"},"query-input":{"@type":"PropertyValueSpecification","valueRequired":true,"valueName":"search_term_string"}}],"inLanguage":"sk-SK"}]}},"_links":{"self":[{"href":"https:\/\/alenagalikmakeup.eu\/index.php?rest_route=\/wp\/v2\/pages\/948","targetHints":{"allow":["GET"]}}],"collection":[{"href":"https:\/\/alenagalikmakeup.eu\/index.php?rest_route=\/wp\/v2\/pages"}],"about":[{"href":"https:\/\/alenagalikmakeup.eu\/index.php?rest_route=\/wp\/v2\/types\/page"}],"author":[{"embeddable":true,"href":"https:\/\/alenagalikmakeup.eu\/index.php?rest_route=\/wp\/v2\/users\/1"}],"replies":[{"embeddable":true,"href":"https:\/\/alenagalikmakeup.eu\/index.php?rest_route=%2Fwp%2Fv2%2Fcomments&post=948"}],"version-history":[{"count":6,"href":"https:\/\/alenagalikmakeup.eu\/index.php?rest_route=\/wp\/v2\/pages\/948\/revisions"}],"predecessor-version":[{"id":1134,"href":"https:\/\/alenagalikmakeup.eu\/index.php?rest_route=\/wp\/v2\/pages\/948\/revisions\/1134"}],"wp:attachment":[{"href":"https:\/\/alenagalikmakeup.eu\/index.php?rest_route=%2Fwp%2Fv2%2Fmedia&parent=948"}],"curies":[{"name":"wp","href":"https:\/\/api.w.org\/{rel}","templated":true}]}}